{"id":3832,"date":"2018-03-14T15:51:49","date_gmt":"2018-03-14T15:51:49","guid":{"rendered":"https:\/\/optimizeddevelopment.net\/sucreariasreyes\/contact-form\/"},"modified":"2019-07-31T17:32:44","modified_gmt":"2019-07-31T17:32:44","slug":"contact-us","status":"publish","type":"page","link":"https:\/\/saraccounting.net\/en\/contact-us\/","title":{"rendered":"Contact us"},"content":{"rendered":"<div class=\"wpb-content-wrapper\"><p>[vc_row css=&#8221;.vc_custom_1544716004361{margin-bottom: 20px !important;}&#8221;][vc_column][vc_column_text]<\/p>\n<h3 style=\"text-align: center;\"><span style=\"color: #800000;\">Do you need accounting, financial or audit advice?<\/span><\/h3>\n<p style=\"text-align: center;\">For more information about our services, fill out the form and we will respond as soon as possible.<\/p>\n<p>[\/vc_column_text][\/vc_column][\/vc_row][vc_row row_content_width=&#8221;grid&#8221; simple_background_color=&#8221;#e8e8e8&#8243; css=&#8221;.vc_custom_1544715997794{padding-top: 139px !important;padding-bottom: 140px !important;}&#8221; parallax_background_image=&#8221;564&#8243;][vc_column width=&#8221;1\/3&#8243;][vc_gmaps link=&#8221;#E-8_JTNDaWZyYW1lJTIwc3JjJTNEJTIyaHR0cHMlM0ElMkYlMkZ3d3cuZ29vZ2xlLmNvbSUyRm1hcHMlMkZlbWJlZCUzRnBiJTNEJTIxMW0xNCUyMTFtOCUyMTFtMyUyMTFkMTU3NjMuMzQ1NzMxNzU2MDc5JTIxMmQtNzkuNTE1NjY0NyUyMTNkOC45ODcxOTQ1JTIxM20yJTIxMWkxMDI0JTIxMmk3NjglMjE0ZjEzLjElMjEzbTMlMjExbTIlMjExczB4MCUyNTNBMHg3MDU0NTJkYTViYjA1NmJhJTIxMnNTdWNyZSUyQiUyNTdDJTJCQXJpYXMlMkIlMjU3QyUyQlJleWVzJTIxNWUwJTIxM20yJTIxMXNlcy00MTklMjEyc3BhJTIxNHYxNTQ0MTI5MTM2NjQ3JTIyJTIwd2lkdGglM0QlMjI2MDAlMjIlMjBoZWlnaHQlM0QlMjI0NTAlMjIlMjBmcmFtZWJvcmRlciUzRCUyMjAlMjIlMjBzdHlsZSUzRCUyMmJvcmRlciUzQTAlMjIlMjBhbGxvd2Z1bGxzY3JlZW4lM0UlM0MlMkZpZnJhbWUlM0U=&#8221;][\/vc_column][vc_column width=&#8221;1\/3&#8243;]<div class=\"mkdf-icon-list-holder \" >\n\t<div class=\"mkdf-il-icon-holder\">\n\t\t<i class=\"mkdf-icon-font-awesome fa fa-map-marker \" style=\"color: #ae1b21;font-size: 30px\"><\/i>\t<\/div>\n\t<p class=\"mkdf-il-text\" ><\/p>\n<\/div>[vc_column_text]Edificio Sucre Arias &amp; Reyes<br \/>\nCalle Ricardo Arango y Calle 61 Obarrio<br \/>\nPanam\u00e1, Rep\u00fablica de Panam\u00e1[\/vc_column_text][vc_empty_space height=&#8221;40&#8243;]<div class=\"mkdf-icon-list-holder \" >\n\t<div class=\"mkdf-il-icon-holder\">\n\t\t<i class=\"mkdf-icon-font-awesome fa fa-phone \" style=\"color: #ae1b21;font-size: 30px\"><\/i>\t<\/div>\n\t<p class=\"mkdf-il-text\" ><\/p>\n<\/div>[vc_row_inner][vc_column_inner][vc_column_text]Local: +507 204 7996[\/vc_column_text][\/vc_column_inner][\/vc_row_inner][vc_empty_space height=&#8221;40&#8243;]<div class=\"mkdf-icon-list-holder \" >\n\t<div class=\"mkdf-il-icon-holder\">\n\t\t<i class=\"mkdf-icon-font-awesome fa fa-envelope \" style=\"color: #ae1b21;font-size: 30px\"><\/i>\t<\/div>\n\t<p class=\"mkdf-il-text\" ><\/p>\n<\/div>[vc_column_text]<span id=\"cloak1060\"><a href=\"mailto:info@saraccounting.net\">info@saraccounting.net<\/a><\/span>[\/vc_column_text][\/vc_column][vc_column width=&#8221;1\/3&#8243;]\n<div class=\"wpcf7 no-js\" id=\"wpcf7-f4126-o1\" lang=\"en-US\" dir=\"ltr\" data-wpcf7-id=\"4126\">\n<div class=\"screen-reader-response\"><p role=\"status\" aria-live=\"polite\" aria-atomic=\"true\"><\/p> <ul><\/ul><\/div>\n<form action=\"\/en\/wp-json\/wp\/v2\/pages\/3832#wpcf7-f4126-o1\" method=\"post\" class=\"wpcf7-form init cf7_custom_style_2\" aria-label=\"Contact form\" novalidate=\"novalidate\" data-status=\"init\">\n<fieldset class=\"hidden-fields-container\"><input type=\"hidden\" name=\"_wpcf7\" value=\"4126\" \/><input type=\"hidden\" name=\"_wpcf7_version\" value=\"6.1.5\" \/><input type=\"hidden\" name=\"_wpcf7_locale\" value=\"en_US\" \/><input type=\"hidden\" name=\"_wpcf7_unit_tag\" value=\"wpcf7-f4126-o1\" \/><input type=\"hidden\" name=\"_wpcf7_container_post\" value=\"0\" \/><input type=\"hidden\" name=\"_wpcf7_posted_data_hash\" value=\"\" \/><input type=\"hidden\" name=\"_wpcf7_recaptcha_response\" value=\"\" \/>\n<\/fieldset>\n<div>\n\t<div class=\"mkdf-grid-row mkdf-grid-normal-gutter\">\n\t\t<div class=\"mkdf-grid-col-6\">\n\t\t\t<p><span class=\"wpcf7-form-control-wrap\" data-name=\"your-name\"><input size=\"40\" maxlength=\"400\" class=\"wpcf7-form-control wpcf7-text wpcf7-validates-as-required\" aria-required=\"true\" aria-invalid=\"false\" placeholder=\"Name\" value=\"\" type=\"text\" name=\"your-name\" \/><\/span>\n\t\t\t<\/p>\n\t\t<\/div>\n\t\t<div class=\"mkdf-grid-col-6\">\n\t\t\t<p><span class=\"wpcf7-form-control-wrap\" data-name=\"text\"><input size=\"40\" maxlength=\"400\" class=\"wpcf7-form-control wpcf7-text wpcf7-validates-as-required\" aria-required=\"true\" aria-invalid=\"false\" placeholder=\"Last Name\" value=\"\" type=\"text\" name=\"text\" \/><\/span>\n\t\t\t<\/p>\n\t\t<\/div>\n\t<\/div>\n\t<div class=\"mkdf-grid-row mkdf-grid-normal-gutter\">\n\t\t<div class=\"mkdf-grid-col-6\">\n\t\t\t<p><span class=\"wpcf7-form-control-wrap\" data-name=\"email\"><input size=\"40\" maxlength=\"400\" class=\"wpcf7-form-control wpcf7-email wpcf7-validates-as-required wpcf7-text wpcf7-validates-as-email\" aria-required=\"true\" aria-invalid=\"false\" placeholder=\"Email\" value=\"\" type=\"email\" name=\"email\" \/><\/span>\n\t\t\t<\/p>\n\t\t<\/div>\n\t\t<div class=\"mkdf-grid-col-6\">\n\t\t\t<p><span class=\"wpcf7-form-control-wrap\" data-name=\"tel\"><input size=\"40\" maxlength=\"400\" class=\"wpcf7-form-control wpcf7-tel wpcf7-text wpcf7-validates-as-tel\" aria-invalid=\"false\" placeholder=\"Phone\" value=\"\" type=\"tel\" name=\"tel\" \/><\/span>\n\t\t\t<\/p>\n\t\t<\/div>\n\t<\/div>\n\t<div class=\"mkdf-grid-row mkdf-grid-normal-gutter\">\n\t\t<div class=\"mkdf-grid-col-12\">\n\t\t\t<p><span class=\"wpcf7-form-control-wrap\" data-name=\"textarea\"><textarea cols=\"40\" rows=\"10\" maxlength=\"2000\" class=\"wpcf7-form-control wpcf7-textarea\" aria-invalid=\"false\" placeholder=\"Message\" name=\"textarea\"><\/textarea><\/span>\n\t\t\t<\/p>\n\t\t<\/div>\n\t<\/div>\n\t<p style=\"text-align:center;\"><br \/>\n<input class=\"wpcf7-form-control wpcf7-submit has-spinner\" type=\"submit\" value=\"Submit\" \/>\n\t<\/p>\n<\/div><div class=\"wpcf7-response-output\" aria-hidden=\"true\"><\/div>\n<\/form>\n<\/div>\n[\/vc_column][\/vc_row]<\/p>\n<\/div>","protected":false},"excerpt":{"rendered":"<p>[vc_row css=&#8221;.vc_custom_1544716004361{margin-bottom: 20px !important;}&#8221;][vc_column][vc_column_text] Do you need accounting, financial or audit advice? For more information about our services, fill out the form and we will respond as soon as possible. [\/vc_column_text][\/vc_column][\/vc_row][vc_row row_content_width=&#8221;grid&#8221; simple_background_color=&#8221;#e8e8e8&#8243; css=&#8221;.vc_custom_1544715997794{padding-top: 139px !important;padding-bottom: 140px !important;}&#8221; parallax_background_image=&#8221;564&#8243;][vc_column width=&#8221;1\/3&#8243;][vc_gmaps link=&#8221;#E-8_JTNDaWZyYW1lJTIwc3JjJTNEJTIyaHR0cHMlM0ElMkYlMkZ3d3cuZ29vZ2xlLmNvbSUyRm1hcHMlMkZlbWJlZCUzRnBiJTNEJTIxMW0xNCUyMTFtOCUyMTFtMyUyMTFkMTU3NjMuMzQ1NzMxNzU2MDc5JTIxMmQtNzkuNTE1NjY0NyUyMTNkOC45ODcxOTQ1JTIxM20yJTIxMWkxMDI0JTIxMmk3NjglMjE0ZjEzLjElMjEzbTMlMjExbTIlMjExczB4MCUyNTNBMHg3MDU0NTJkYTViYjA1NmJhJTIxMnNTdWNyZSUyQiUyNTdDJTJCQXJpYXMlMkIlMjU3QyUyQlJleWVzJTIxNWUwJTIxM20yJTIxMXNlcy00MTklMjEyc3BhJTIxNHYxNTQ0MTI5MTM2NjQ3JTIyJTIwd2lkdGglM0QlMjI2MDAlMjIlMjBoZWlnaHQlM0QlMjI0NTAlMjIlMjBmcmFtZWJvcmRlciUzRCUyMjAlMjIlMjBzdHlsZSUzRCUyMmJvcmRlciUzQTAlMjIlMjBhbGxvd2Z1bGxzY3JlZW4lM0UlM0MlMkZpZnJhbWUlM0U=&#8221;][\/vc_column][vc_column width=&#8221;1\/3&#8243;][vc_column_text]Edificio Sucre Arias &amp; Reyes Calle Ricardo Arango y Calle 61 Obarrio Panam\u00e1, Rep\u00fablica de Panam\u00e1[\/vc_column_text][vc_empty_space height=&#8221;40&#8243;][vc_row_inner][vc_column_inner][vc_column_text]Local: +507 204 7996[\/vc_column_text][\/vc_column_inner][\/vc_row_inner][vc_empty_space height=&#8221;40&#8243;][vc_column_text]info@saraccounting.net[\/vc_column_text][\/vc_column][vc_column width=&#8221;1\/3&#8243;][\/vc_column][\/vc_row]<\/p>\n","protected":false},"author":1,"featured_media":0,"parent":0,"menu_order":0,"comment_status":"closed","ping_status":"closed","template":"full-width.php","meta":{"footnotes":""},"class_list":["post-3832","page","type-page","status-publish","hentry"],"_links":{"self":[{"href":"https:\/\/saraccounting.net\/en\/wp-json\/wp\/v2\/pages\/3832","targetHints":{"allow":["GET"]}}],"collection":[{"href":"https:\/\/saraccounting.net\/en\/wp-json\/wp\/v2\/pages"}],"about":[{"href":"https:\/\/saraccounting.net\/en\/wp-json\/wp\/v2\/types\/page"}],"author":[{"embeddable":true,"href":"https:\/\/saraccounting.net\/en\/wp-json\/wp\/v2\/users\/1"}],"replies":[{"embeddable":true,"href":"https:\/\/saraccounting.net\/en\/wp-json\/wp\/v2\/comments?post=3832"}],"version-history":[{"count":15,"href":"https:\/\/saraccounting.net\/en\/wp-json\/wp\/v2\/pages\/3832\/revisions"}],"predecessor-version":[{"id":4312,"href":"https:\/\/saraccounting.net\/en\/wp-json\/wp\/v2\/pages\/3832\/revisions\/4312"}],"wp:attachment":[{"href":"https:\/\/saraccounting.net\/en\/wp-json\/wp\/v2\/media?parent=3832"}],"curies":[{"name":"wp","href":"https:\/\/api.w.org\/{rel}","templated":true}]}}